{"id":7786,"date":"2019-03-12T17:23:20","date_gmt":"2019-03-12T16:23:20","guid":{"rendered":"https:\/\/winestar.at\/product\/winestar-diamond-bordeaux-760ml\/"},"modified":"2023-02-01T22:51:14","modified_gmt":"2023-02-01T21:51:14","slug":"winestar-diamond-bordeaux-760ml","status":"publish","type":"product","link":"https:\/\/winestar.at\/en\/product\/winestar-diamond-bordeaux-760ml\/","title":{"rendered":"WineStar Diamond Bordeaux 760ml"},"content":{"rendered":"<iframe loading=\"lazy\" src=\"https:\/\/www.youtube.com\/embed\/9-jaevl5Vek\" width=\"560\" height=\"315\" frameborder=\"0\" allowfullscreen=\"allowfullscreen\"><\/iframe><\/p>\n<p>Bordeaux, Tempranillo, Brunello di Montalcino, Chianti Classico, Cabernet Sauvignon, Ch\u00e2teauneuf-du Pape, Shiraz\/Syrah, C\u00f4tes du Roussillon, Hermitage,  Merlot, Pouilly-Fum\u00e9, Riesling Smaragd, Sancerre, Sauvignon, Rioja and other high-quality wines.","protected":false},"excerpt":{"rendered":"<p>Bordeaux, Tempranillo, Brunello di Montalcino, Chianti Classico, Cabernet Sauvignon, Ch\u00e2teauneuf-du Pape, Shiraz\/Syrah, C\u00f4tes du Roussillon, Hermitage, Merlot, Pouilly-Fum\u00e9, Riesling Smaragd, Sancerre, Sauvignon, Rioja and other high-quality wines.<\/p>\n","protected":false},"featured_media":8044,"template":"","meta":[],"product_cat":[28],"product_tag":[],"yoast_head":"<!-- This site is optimized with the Yoast SEO plugin v16.6 - https:\/\/yoast.com\/wordpress\/plugins\/seo\/ -->\n<title>Mouth-blown Bordeaux glass 760ml<\/title>\n<meta name=\"description\" content=\"Order handmade redwine glass. Especially large glassshape for perfect enjoyment. Thin, lightweight and shatterproof!\" \/>\n<meta name=\"robots\" content=\"index, follow, max-snippet:-1, max-image-preview:large, max-video-preview:-1\" \/>\n<link rel=\"canonical\" href=\"https:\/\/winestar.at\/product\/winestar-diamond-bordeaux-760ml\/\" \/>\n<meta property=\"og:locale\" content=\"en_US\" \/>\n<meta property=\"og:type\" content=\"article\" \/>\n<meta property=\"og:title\" content=\"[:de]Mundgeblasenes Bordeaux Glas 760ml[:en]Mouth-blown Bordeaux glass 760ml[:]\" \/>\n<meta property=\"og:description\" content=\"{:de}Handgemachtes Rotweinglas bestellen. Besonders gro\u00dfe Glasform f\u00fcr den perfekten Genuss. D\u00fcnn, Leicht und bruchsicher!{:en}Order handmade redwine glass. Especially large glassshape for perfect enjoyment. Thin, lightweight and shatterproof!{:}\" \/>\n<meta property=\"og:url\" content=\"https:\/\/winestar.at\/product\/winestar-diamond-bordeaux-760ml\/\" \/>\n<meta property=\"og:site_name\" content=\"WineStar\" \/>\n<meta property=\"article:modified_time\" content=\"2023-02-01T21:51:14+00:00\" \/>\n<meta property=\"og:image\" content=\"https:\/\/winestar.at\/wp-content\/uploads\/2019\/03\/diamant-bordeaux.png\" \/>\n\t<meta property=\"og:image:width\" content=\"1000\" \/>\n\t<meta property=\"og:image:height\" content=\"1000\" \/>\n<meta name=\"twitter:card\" content=\"summary_large_image\" \/>\n<script type=\"application\/ld+json\" class=\"yoast-schema-graph\">{\"@context\":\"https:\/\/schema.org\",\"@graph\":[{\"@type\":\"WebSite\",\"@id\":\"https:\/\/winestar.at\/#website\",\"url\":\"https:\/\/winestar.at\/\",\"name\":\"WineStar\",\"description\":\"Hochwertige Kristallg\\u00e4ser seit 2002\",\"potentialAction\":[{\"@type\":\"SearchAction\",\"target\":{\"@type\":\"EntryPoint\",\"urlTemplate\":\"https:\/\/winestar.at\/?s={search_term_string}\"},\"query-input\":\"required name=search_term_string\"}],\"inLanguage\":\"en-US\"},{\"@type\":\"ImageObject\",\"@id\":\"https:\/\/winestar.at\/product\/winestar-diamond-bordeaux-760ml\/#primaryimage\",\"inLanguage\":\"en-US\",\"url\":\"https:\/\/winestar.at\/wp-content\/uploads\/2019\/03\/diamant-bordeaux.png\",\"contentUrl\":\"https:\/\/winestar.at\/wp-content\/uploads\/2019\/03\/diamant-bordeaux.png\",\"width\":1000,\"height\":1000},{\"@type\":\"WebPage\",\"@id\":\"https:\/\/winestar.at\/product\/winestar-diamond-bordeaux-760ml\/#webpage\",\"url\":\"https:\/\/winestar.at\/product\/winestar-diamond-bordeaux-760ml\/\",\"name\":\"[:de]Mundgeblasenes Bordeaux Glas 760ml[:en]Mouth-blown Bordeaux glass 760ml[:]\",\"isPartOf\":{\"@id\":\"https:\/\/winestar.at\/#website\"},\"primaryImageOfPage\":{\"@id\":\"https:\/\/winestar.at\/product\/winestar-diamond-bordeaux-760ml\/#primaryimage\"},\"datePublished\":\"2019-03-12T16:23:20+00:00\",\"dateModified\":\"2023-02-01T21:51:14+00:00\",\"description\":\"{:de}Handgemachtes Rotweinglas bestellen. Besonders gro\\u00dfe Glasform f\\u00fcr den perfekten Genuss. D\\u00fcnn, Leicht und bruchsicher!{:en}Order handmade redwine glass. Especially large glassshape for perfect enjoyment. Thin, lightweight and shatterproof!{:}\",\"breadcrumb\":{\"@id\":\"https:\/\/winestar.at\/product\/winestar-diamond-bordeaux-760ml\/#breadcrumb\"},\"inLanguage\":\"en-US\",\"potentialAction\":[{\"@type\":\"ReadAction\",\"target\":[\"https:\/\/winestar.at\/product\/winestar-diamond-bordeaux-760ml\/\"]}]},{\"@type\":\"BreadcrumbList\",\"@id\":\"https:\/\/winestar.at\/product\/winestar-diamond-bordeaux-760ml\/#breadcrumb\",\"itemListElement\":[{\"@type\":\"ListItem\",\"position\":1,\"name\":\"Startseite\",\"item\":\"https:\/\/winestar.at\/\"},{\"@type\":\"ListItem\",\"position\":2,\"name\":\"Store\",\"item\":\"https:\/\/winestar.at\/en\/store\/\"},{\"@type\":\"ListItem\",\"position\":3,\"name\":\"WineStar Diamond Bordeaux 760ml\"}]}]}<\/script>\n<!-- \/ Yoast SEO plugin. -->","_links":{"self":[{"href":"https:\/\/winestar.at\/en\/wp-json\/wp\/v2\/product\/7786"}],"collection":[{"href":"https:\/\/winestar.at\/en\/wp-json\/wp\/v2\/product"}],"about":[{"href":"https:\/\/winestar.at\/en\/wp-json\/wp\/v2\/types\/product"}],"wp:featuredmedia":[{"embeddable":true,"href":"https:\/\/winestar.at\/en\/wp-json\/wp\/v2\/media\/8044"}],"wp:attachment":[{"href":"https:\/\/winestar.at\/en\/wp-json\/wp\/v2\/media?parent=7786"}],"wp:term":[{"taxonomy":"product_cat","embeddable":true,"href":"https:\/\/winestar.at\/en\/wp-json\/wp\/v2\/product_cat?post=7786"},{"taxonomy":"product_tag","embeddable":true,"href":"https:\/\/winestar.at\/en\/wp-json\/wp\/v2\/product_tag?post=7786"}],"curies":[{"name":"wp","href":"https:\/\/api.w.org\/{rel}","templated":true}]}}