{"id":7782,"date":"2019-03-12T17:23:20","date_gmt":"2019-03-12T16:23:20","guid":{"rendered":"https:\/\/winestar.at\/product\/winestar-brillant-white-prosecco-400ml\/"},"modified":"2023-02-01T22:51:01","modified_gmt":"2023-02-01T21:51:01","slug":"winestar-brillant-white-prosecco-400ml","status":"publish","type":"product","link":"https:\/\/winestar.at\/en\/product\/winestar-brillant-white-prosecco-400ml\/","title":{"rendered":"WineStar Brillant White\/Prosecco 400ml"},"content":{"rendered":"<p><iframe loading=\"lazy\" src=\"https:\/\/www.youtube.com\/embed\/OiVNJaOJuYM\" width=\"560\" height=\"315\" frameborder=\"0\" allowfullscreen=\"allowfullscreen\"><\/iframe><\/p>\n<p>Prosecco, Chardonnay,, Pinot blanc, Gr\u00fcner Veltliner, Morillon, Muskateller, Neuburger, Riesling, Pinot Grigio, Ribolla Gialla, Rul\u00e4nder, Ros\u00e9, Schilcher, Sauvignon blanc, Welschriesling, Gew\u00fcrztraminer<\/p>\n","protected":false},"excerpt":{"rendered":"<p>Prosecco, Chardonnay,, Pinot blanc, Gr\u00fcner Veltliner, Morillon, Muskateller, Neuburger, Riesling, Pinot Grigio, Ribolla Gialla, Rul\u00e4nder, Ros\u00e9, Schilcher, Sauvignon blanc, Welschriesling, Gew\u00fcrztraminer<\/p>\n","protected":false},"featured_media":8040,"template":"","meta":[],"product_cat":[27],"product_tag":[],"yoast_head":"<!-- This site is optimized with the Yoast SEO plugin v16.6 - https:\/\/yoast.com\/wordpress\/plugins\/seo\/ -->\n<title>Mouth-blown white wine prosecco glass 400ml<\/title>\n<meta name=\"description\" content=\"Order handmade whitewine proseccoglass at a reasonable price. Thin, lightweight and shatterproof!\" \/>\n<meta name=\"robots\" content=\"index, follow, max-snippet:-1, max-image-preview:large, max-video-preview:-1\" \/>\n<link rel=\"canonical\" href=\"https:\/\/winestar.at\/product\/winestar-brillant-white-prosecco-400ml\/\" \/>\n<meta property=\"og:locale\" content=\"en_US\" \/>\n<meta property=\"og:type\" content=\"article\" \/>\n<meta property=\"og:title\" content=\"[:de]Mundgeblasenes Wei\u00dfwein- Prosecco Glas 400ml[:en]Mouth-blown white wine prosecco glass 400ml [:]\" \/>\n<meta property=\"og:description\" content=\"{:de}Handgemachtes Wei\u00dfwein- Prosecco Glas g\u00fcnstig bestellen. D\u00fcnn, Leicht und bruchsicher!{:en}Order handmade whitewine proseccoglass at a reasonable price. Thin, lightweight and shatterproof!{:}\" \/>\n<meta property=\"og:url\" content=\"https:\/\/winestar.at\/product\/winestar-brillant-white-prosecco-400ml\/\" \/>\n<meta property=\"og:site_name\" content=\"WineStar\" \/>\n<meta property=\"article:modified_time\" content=\"2023-02-01T21:51:01+00:00\" \/>\n<meta property=\"og:image\" content=\"https:\/\/winestar.at\/wp-content\/uploads\/2019\/03\/brilliant-white-prosecco.png\" \/>\n\t<meta property=\"og:image:width\" content=\"1000\" \/>\n\t<meta property=\"og:image:height\" content=\"1000\" \/>\n<meta name=\"twitter:card\" content=\"summary_large_image\" \/>\n<script type=\"application\/ld+json\" class=\"yoast-schema-graph\">{\"@context\":\"https:\/\/schema.org\",\"@graph\":[{\"@type\":\"WebSite\",\"@id\":\"https:\/\/winestar.at\/#website\",\"url\":\"https:\/\/winestar.at\/\",\"name\":\"WineStar\",\"description\":\"Hochwertige Kristallg\\u00e4ser seit 2002\",\"potentialAction\":[{\"@type\":\"SearchAction\",\"target\":{\"@type\":\"EntryPoint\",\"urlTemplate\":\"https:\/\/winestar.at\/?s={search_term_string}\"},\"query-input\":\"required name=search_term_string\"}],\"inLanguage\":\"en-US\"},{\"@type\":\"ImageObject\",\"@id\":\"https:\/\/winestar.at\/product\/winestar-brillant-white-prosecco-400ml\/#primaryimage\",\"inLanguage\":\"en-US\",\"url\":\"https:\/\/winestar.at\/wp-content\/uploads\/2019\/03\/brilliant-white-prosecco.png\",\"contentUrl\":\"https:\/\/winestar.at\/wp-content\/uploads\/2019\/03\/brilliant-white-prosecco.png\",\"width\":1000,\"height\":1000},{\"@type\":\"WebPage\",\"@id\":\"https:\/\/winestar.at\/product\/winestar-brillant-white-prosecco-400ml\/#webpage\",\"url\":\"https:\/\/winestar.at\/product\/winestar-brillant-white-prosecco-400ml\/\",\"name\":\"[:de]Mundgeblasenes Wei\\u00dfwein- Prosecco Glas 400ml[:en]Mouth-blown white wine prosecco glass 400ml [:]\",\"isPartOf\":{\"@id\":\"https:\/\/winestar.at\/#website\"},\"primaryImageOfPage\":{\"@id\":\"https:\/\/winestar.at\/product\/winestar-brillant-white-prosecco-400ml\/#primaryimage\"},\"datePublished\":\"2019-03-12T16:23:20+00:00\",\"dateModified\":\"2023-02-01T21:51:01+00:00\",\"description\":\"{:de}Handgemachtes Wei\\u00dfwein- Prosecco Glas g\\u00fcnstig bestellen. D\\u00fcnn, Leicht und bruchsicher!{:en}Order handmade whitewine proseccoglass at a reasonable price. Thin, lightweight and shatterproof!{:}\",\"breadcrumb\":{\"@id\":\"https:\/\/winestar.at\/product\/winestar-brillant-white-prosecco-400ml\/#breadcrumb\"},\"inLanguage\":\"en-US\",\"potentialAction\":[{\"@type\":\"ReadAction\",\"target\":[\"https:\/\/winestar.at\/product\/winestar-brillant-white-prosecco-400ml\/\"]}]},{\"@type\":\"BreadcrumbList\",\"@id\":\"https:\/\/winestar.at\/product\/winestar-brillant-white-prosecco-400ml\/#breadcrumb\",\"itemListElement\":[{\"@type\":\"ListItem\",\"position\":1,\"name\":\"Startseite\",\"item\":\"https:\/\/winestar.at\/\"},{\"@type\":\"ListItem\",\"position\":2,\"name\":\"Store\",\"item\":\"https:\/\/winestar.at\/en\/store\/\"},{\"@type\":\"ListItem\",\"position\":3,\"name\":\"WineStar Brillant White\/Prosecco 400ml\"}]}]}<\/script>\n<!-- \/ Yoast SEO plugin. -->","_links":{"self":[{"href":"https:\/\/winestar.at\/en\/wp-json\/wp\/v2\/product\/7782"}],"collection":[{"href":"https:\/\/winestar.at\/en\/wp-json\/wp\/v2\/product"}],"about":[{"href":"https:\/\/winestar.at\/en\/wp-json\/wp\/v2\/types\/product"}],"wp:featuredmedia":[{"embeddable":true,"href":"https:\/\/winestar.at\/en\/wp-json\/wp\/v2\/media\/8040"}],"wp:attachment":[{"href":"https:\/\/winestar.at\/en\/wp-json\/wp\/v2\/media?parent=7782"}],"wp:term":[{"taxonomy":"product_cat","embeddable":true,"href":"https:\/\/winestar.at\/en\/wp-json\/wp\/v2\/product_cat?post=7782"},{"taxonomy":"product_tag","embeddable":true,"href":"https:\/\/winestar.at\/en\/wp-json\/wp\/v2\/product_tag?post=7782"}],"curies":[{"name":"wp","href":"https:\/\/api.w.org\/{rel}","templated":true}]}}