{"id":7781,"date":"2019-03-12T17:23:20","date_gmt":"2019-03-12T16:23:20","guid":{"rendered":"https:\/\/winestar.at\/product\/winestar-brillant-allround-bordeaux-500ml\/"},"modified":"2023-02-02T11:49:38","modified_gmt":"2023-02-02T10:49:38","slug":"winestar-brillant-allround-bordeaux-500ml","status":"publish","type":"product","link":"https:\/\/winestar.at\/en\/product\/winestar-brillant-allround-bordeaux-500ml\/","title":{"rendered":"WineStar Brillant Allround 500ml"},"content":{"rendered":"<p><iframe loading=\"lazy\" src=\"https:\/\/www.youtube.com\/embed\/hVukFtufzSE\" width=\"560\" height=\"315\" frameborder=\"0\" allowfullscreen=\"allowfullscreen\"><\/iframe><\/p>\n<p>Bordeaux,Chardonnay, Gew\u00fcrztraminer, Pinot blanc, Gr\u00fcner Veltliner, Morillon, Muskateller, Neuburger, Riesling, Pinot Grigio, Ribolla Gialla, Rul\u00e4nder, Ros\u00e9, Schilcher, Sauvignon blanc, Silvaner, Welschriesling<\/p>\n","protected":false},"excerpt":{"rendered":"<p>Bordeaux,Chardonnay, Gew\u00fcrztraminer, Pinot blanc, Gr\u00fcner Veltliner, Morillon, Muskateller, Neuburger, Riesling, Pinot Grigio, Ribolla Gialla, Rul\u00e4nder, Ros\u00e9, Schilcher, Sauvignon blanc, Silvaner, Welschriesling<\/p>\n","protected":false},"featured_media":8061,"template":"","meta":[],"product_cat":[27],"product_tag":[],"yoast_head":"<!-- This site is optimized with the Yoast SEO plugin v16.6 - https:\/\/yoast.com\/wordpress\/plugins\/seo\/ -->\n<title>Mouth-blown all-round glass 500ml<\/title>\n<meta name=\"description\" content=\"Order handmade Allround glass at a reasonable price. Perfect for redwine, whitewine. Unique taste experience. Thin, lightweight and shatterproof!\" \/>\n<meta name=\"robots\" content=\"index, follow, max-snippet:-1, max-image-preview:large, max-video-preview:-1\" \/>\n<link rel=\"canonical\" href=\"https:\/\/winestar.at\/product\/winestar-brillant-allround-bordeaux-500ml\/\" \/>\n<meta property=\"og:locale\" content=\"en_US\" \/>\n<meta property=\"og:type\" content=\"article\" \/>\n<meta property=\"og:title\" content=\"[:de]Mundgeblasenes Allroundglas 500ml[:en]Mouth-blown all-round glass 500ml[:]\" \/>\n<meta property=\"og:description\" content=\"{:de}Handgemachtes Allroundglas g\u00fcnstig bestellen. Perfekt f\u00fcr Rotwein, Wei\u00dfwein. Einzigartiges Geschmackserlebnis. D\u00fcnn, Leicht und bruchsicher!{:en}Order handmade Allround glass at a reasonable price. Perfect for redwine, whitewine. Unique taste experience. Thin, lightweight and shatterproof!{:}\" \/>\n<meta property=\"og:url\" content=\"https:\/\/winestar.at\/product\/winestar-brillant-allround-bordeaux-500ml\/\" \/>\n<meta property=\"og:site_name\" content=\"WineStar\" \/>\n<meta property=\"article:modified_time\" content=\"2023-02-02T10:49:38+00:00\" \/>\n<meta property=\"og:image\" content=\"https:\/\/winestar.at\/wp-content\/uploads\/2019\/03\/brilliant-allrounder-1.png\" \/>\n\t<meta property=\"og:image:width\" content=\"1000\" \/>\n\t<meta property=\"og:image:height\" content=\"1000\" \/>\n<meta name=\"twitter:card\" content=\"summary_large_image\" \/>\n<script type=\"application\/ld+json\" class=\"yoast-schema-graph\">{\"@context\":\"https:\/\/schema.org\",\"@graph\":[{\"@type\":\"WebSite\",\"@id\":\"https:\/\/winestar.at\/#website\",\"url\":\"https:\/\/winestar.at\/\",\"name\":\"WineStar\",\"description\":\"Hochwertige Kristallg\\u00e4ser seit 2002\",\"potentialAction\":[{\"@type\":\"SearchAction\",\"target\":{\"@type\":\"EntryPoint\",\"urlTemplate\":\"https:\/\/winestar.at\/?s={search_term_string}\"},\"query-input\":\"required name=search_term_string\"}],\"inLanguage\":\"en-US\"},{\"@type\":\"ImageObject\",\"@id\":\"https:\/\/winestar.at\/product\/winestar-brillant-allround-bordeaux-500ml\/#primaryimage\",\"inLanguage\":\"en-US\",\"url\":\"https:\/\/winestar.at\/wp-content\/uploads\/2019\/03\/brilliant-allrounder-1.png\",\"contentUrl\":\"https:\/\/winestar.at\/wp-content\/uploads\/2019\/03\/brilliant-allrounder-1.png\",\"width\":1000,\"height\":1000},{\"@type\":\"WebPage\",\"@id\":\"https:\/\/winestar.at\/product\/winestar-brillant-allround-bordeaux-500ml\/#webpage\",\"url\":\"https:\/\/winestar.at\/product\/winestar-brillant-allround-bordeaux-500ml\/\",\"name\":\"[:de]Mundgeblasenes Allroundglas 500ml[:en]Mouth-blown all-round glass 500ml[:]\",\"isPartOf\":{\"@id\":\"https:\/\/winestar.at\/#website\"},\"primaryImageOfPage\":{\"@id\":\"https:\/\/winestar.at\/product\/winestar-brillant-allround-bordeaux-500ml\/#primaryimage\"},\"datePublished\":\"2019-03-12T16:23:20+00:00\",\"dateModified\":\"2023-02-02T10:49:38+00:00\",\"description\":\"{:de}Handgemachtes Allroundglas g\\u00fcnstig bestellen. Perfekt f\\u00fcr Rotwein, Wei\\u00dfwein. Einzigartiges Geschmackserlebnis. D\\u00fcnn, Leicht und bruchsicher!{:en}Order handmade Allround glass at a reasonable price. Perfect for redwine, whitewine. Unique taste experience. Thin, lightweight and shatterproof!{:}\",\"breadcrumb\":{\"@id\":\"https:\/\/winestar.at\/product\/winestar-brillant-allround-bordeaux-500ml\/#breadcrumb\"},\"inLanguage\":\"en-US\",\"potentialAction\":[{\"@type\":\"ReadAction\",\"target\":[\"https:\/\/winestar.at\/product\/winestar-brillant-allround-bordeaux-500ml\/\"]}]},{\"@type\":\"BreadcrumbList\",\"@id\":\"https:\/\/winestar.at\/product\/winestar-brillant-allround-bordeaux-500ml\/#breadcrumb\",\"itemListElement\":[{\"@type\":\"ListItem\",\"position\":1,\"name\":\"Startseite\",\"item\":\"https:\/\/winestar.at\/\"},{\"@type\":\"ListItem\",\"position\":2,\"name\":\"Store\",\"item\":\"https:\/\/winestar.at\/en\/store\/\"},{\"@type\":\"ListItem\",\"position\":3,\"name\":\"WineStar Brillant Allround 500ml\"}]}]}<\/script>\n<!-- \/ Yoast SEO plugin. -->","_links":{"self":[{"href":"https:\/\/winestar.at\/en\/wp-json\/wp\/v2\/product\/7781"}],"collection":[{"href":"https:\/\/winestar.at\/en\/wp-json\/wp\/v2\/product"}],"about":[{"href":"https:\/\/winestar.at\/en\/wp-json\/wp\/v2\/types\/product"}],"wp:featuredmedia":[{"embeddable":true,"href":"https:\/\/winestar.at\/en\/wp-json\/wp\/v2\/media\/8061"}],"wp:attachment":[{"href":"https:\/\/winestar.at\/en\/wp-json\/wp\/v2\/media?parent=7781"}],"wp:term":[{"taxonomy":"product_cat","embeddable":true,"href":"https:\/\/winestar.at\/en\/wp-json\/wp\/v2\/product_cat?post=7781"},{"taxonomy":"product_tag","embeddable":true,"href":"https:\/\/winestar.at\/en\/wp-json\/wp\/v2\/product_tag?post=7781"}],"curies":[{"name":"wp","href":"https:\/\/api.w.org\/{rel}","templated":true}]}}