{"id":7700,"date":"2019-03-07T10:24:39","date_gmt":"2019-03-07T09:24:39","guid":{"rendered":"https:\/\/winestar.at\/?page_id=7700"},"modified":"2020-08-18T08:34:46","modified_gmt":"2020-08-18T06:34:46","slug":"kontakt","status":"publish","type":"page","link":"https:\/\/winestar.at\/en\/kontakt\/","title":{"rendered":"Contact"},"content":{"rendered":"[vc_row][vc_column][mk_fancy_title color=&#8221;#1a7ace&#8221; size=&#8221;70&#8243; font_weight=&#8221;400&#8243; font_family=&#8221;Tinos&#8221; font_type=&#8221;google&#8221;]\n<h2 style=\"text-align: center;\">Contact us<\/h2>\n[\/mk_fancy_title][\/vc_column][\/vc_row][vc_section el_class=&#8221;box-blue&#8221;][vc_row][vc_column][vc_column_text css=&#8221;.vc_custom_1556644619375{margin-bottom: 0px !important;}&#8221;]\n<h3 style=\"text-align: center;\">Vienna<\/h3>\n[\/vc_column_text][vc_separator color=&#8221;custom&#8221; border_width=&#8221;2&#8243; accent_color=&#8221;#aaaaaa&#8221;][\/vc_column][\/vc_row][vc_row][vc_column width=&#8221;1\/3&#8243;][vc_column_text css=&#8221;.vc_custom_1556644627677{margin-bottom: 0px !important;}&#8221;]\n<h4>address<\/h4>\n<p>Nuschinggasse 12, Top 7\/8<br \/>\n1230 Wien<br \/>\nAustria[\/vc_column_text][\/vc_column][vc_column width=&#8221;1\/3&#8243;][vc_column_text css=&#8221;.vc_custom_1556644636741{margin-bottom: 0px !important;}&#8221;]\n<h4>email<\/h4>\n<p><a href=\"mailto:office@winestar.at\">office@winestar.at<\/a>[\/vc_column_text][\/vc_column][vc_column width=&#8221;1\/3&#8243;][vc_column_text css=&#8221;.vc_custom_1556644646313{margin-bottom: 0px !important;}&#8221;]\n<h4>phone<\/h4>\n<p><a href=\"tel:+4318776444\">01 \/ 877 64 44<\/a><br \/>\n<a href=\"tel:+436603424141\">0660 \/ 34 24 141<\/a>[\/vc_column_text][\/vc_column][\/vc_row][\/vc_section][vc_section el_class=&#8221;box-blue&#8221;][vc_row][vc_column][vc_column_text css=&#8221;.vc_custom_1556367668027{margin-bottom: 0px !important;}&#8221;]\n<h3 style=\"text-align: center;\">Graz<\/h3>\n[\/vc_column_text][vc_separator color=&#8221;custom&#8221; border_width=&#8221;2&#8243; accent_color=&#8221;#aaaaaa&#8221;][\/vc_column][\/vc_row][vc_row][vc_column width=&#8221;1\/3&#8243;][vc_column_text css=&#8221;.vc_custom_1556644665097{margin-bottom: 0px !important;}&#8221;]\n<h4>address<\/h4>\n<p>Schubertstra\u00dfe 68<br \/>\n8010 Graz<br \/>\nAustria[\/vc_column_text][\/vc_column][vc_column width=&#8221;1\/3&#8243;][vc_column_text css=&#8221;.vc_custom_1556644672294{margin-bottom: 0px !important;}&#8221;]\n<h4>email<\/h4>\n<p><a href=\"mailto:office@winestar.at\">office@winestar.at<\/a>[\/vc_column_text][\/vc_column][vc_column width=&#8221;1\/3&#8243;][vc_column_text css=&#8221;.vc_custom_1556644680057{margin-bottom: 0px !important;}&#8221;]\n<h4>phone<\/h4>\n<p><a href=\"tel:+43316321292\">0316 \/ 32 12 92<\/a><br \/>\n<a href=\"tel:+436603424141\">0660 \/ 34 24 141<\/a>[\/vc_column_text][\/vc_column][\/vc_row][\/vc_section][vc_row][vc_column][vc_empty_space height=&#8221;70px&#8221;][mk_fancy_title color=&#8221;#777777&#8243; size=&#8221;70&#8243; font_weight=&#8221;400&#8243; font_family=&#8221;Tinos&#8221; font_type=&#8221;google&#8221;]\n<h2 style=\"text-align: center;\">Our locations<\/h2>\n[\/mk_fancy_title][\/vc_column][\/vc_row][vc_row][vc_column width=&#8221;1\/2&#8243;][mk_advanced_gmaps latitude=&#8221;48.132803&#8243; longitude=&#8221;16.284872&#8243; address=&#8221;Nuschinggasse 12, Top 7\/8, 1230 Wien, \u00d6sterreich&#8221; latitude_2=&#8221;47.082567&#8243; longitude_2=&#8221;15.458847&#8243; address_2=&#8221;Schubertstra\u00dfe 68, 8010 Graz, \u00d6sterreich&#8221; pin_icon=&#8221;https:\/\/winestar.at\/wp-content\/uploads\/2019\/04\/marker-1.png&#8221; content_font_color=&#8221;#aaaaaa&#8221; height=&#8221;600&#8243; map_zoom=&#8221;8&#8243; modify_json=&#8221;true&#8221; map_json=&#8221;JTVCJTBBJTIwJTIwJTIwJTIwJTdCJTBBJTIwJTIwJTIwJTIwJTIwJTIwJTIwJTIwJTIyZmVhdHVyZVR5cGUlMjIlM0ElMjAlMjJhbGwlMjIlMkMlMEElMjAlMjAlMjAlMjAlMjAlMjAlMjAlMjAlMjJlbGVtZW50VHlwZSUyMiUzQSUyMCUyMmxhYmVscy50ZXh0LmZpbGwlMjIlMkMlMEElMjAlMjAlMjAlMjAlMjAlMjAlMjAlMjAlMjJzdHlsZXJzJTIyJTNBJTIwJTVCJTBBJTIwJTIwJTIwJTIwJTIwJTIwJTIwJTIwJTIwJTIwJTIwJTIwJTdCJTBBJTIwJTIwJTIwJTIwJTIwJTIwJTIwJTIwJTIwJTIwJTIwJTIwJTIwJTIwJTIwJTIwJTIyY29sb3IlMjIlM0ElMjAlMjIlMjNhYWFhYWElMjIlMEElMjAlMjAlMjAlMjAlMjAlMjAlMjAlMjAlMjAlMjAlMjAlMjAlN0QlMEElMjAlMjAlMjAlMjAlMjAlMjAlMjAlMjAlNUQlMEElMjAlMjAlMjAlMjAlN0QlMkMlMEElMjAlMjAlMjAlMjAlN0IlMEElMjAlMjAlMjAlMjAlMjAlMjAlMjAlMjAlMjJmZWF0dXJlVHlwZSUyMiUzQSUyMCUyMmFsbCUyMiUyQyUwQSUyMCUyMCUyMCUyMCUyMCUyMCUyMCUyMCUyMmVsZW1lbnRUeXBlJTIyJTNBJTIwJTIybGFiZWxzLnRleHQuc3Ryb2tlJTIyJTJDJTBBJTIwJTIwJTIwJTIwJTIwJTIwJTIwJTIwJTIyc3R5bGVycyUyMiUzQSUyMCU1QiUwQSUyMCUyMCUyMCUyMCUyMCUyMCUyMCUyMCUyMCUyMCUyMCUyMCU3QiUwQSUyMCUyMCUyMCUyMCUyMCUyMCUyMCUyMCUyMCUyMCUyMCUyMCUyMCUyMCUyMCUyMCUyMmNvbG9yJTIyJTNBJTIwJTIyJTIzMDAwMDAwJTIyJTBBJTIwJTIwJTIwJTIwJTIwJTIwJTIwJTIwJTIwJTIwJTIwJTIwJTdEJTJDJTBBJTIwJTIwJTIwJTIwJTIwJTIwJTIwJTIwJTIwJTIwJTIwJTIwJTdCJTBBJTIwJTIwJTIwJTIwJTIwJTIwJTIwJTIwJTIwJTIwJTIwJTIwJTIwJTIwJTIwJTIwJTIybGlnaHRuZXNzJTIyJTNBJTIwMTAlMEElMjAlMjAlMjAlMjAlMjAlMjAlMjAlMjAlMjAlMjAlMjAlMjAlN0QlMEElMjAlMjAlMjAlMjAlMjAlMjAlMjAlMjAlNUQlMEElMjAlMjAlMjAlMjAlN0QlMkMlMEElMjAlMjAlMjAlMjAlN0IlMEElMjAlMjAlMjAlMjAlMjAlMjAlMjAlMjAlMjJmZWF0dXJlVHlwZSUyMiUzQSUyMCUyMmFkbWluaXN0cmF0aXZlJTIyJTJDJTBBJTIwJTIwJTIwJTIwJTIwJTIwJTIwJTIwJTIyZWxlbWVudFR5cGUlMjIlM0ElMjAlMjJnZW9tZXRyeS5maWxsJTIyJTJDJTBBJTIwJTIwJTIwJTIwJTIwJTIwJTIwJTIwJTIyc3R5bGVycyUyMiUzQSUyMCU1QiUwQSUyMCUyMCUyMCUyMCUyMCUyMCUyMCUyMCUyMCUyMCUyMCUyMCU3QiUwQSUyMCUyMCUyMCUyMCUyMCUyMCUyMCUyMCUyMCUyMCUyMCUyMCUyMCUyMCUyMCUyMCUyMmNvbG9yJTIyJTNBJTIwJTIyJTIzMDAwMDAwJTIyJTBBJTIwJTIwJTIwJTIwJTIwJTIwJTIwJTIwJTIwJTIwJTIwJTIwJTdEJTBBJTIwJTIwJTIwJTIwJTIwJTIwJTIwJTIwJTVEJTBBJTIwJTIwJTIwJTIwJTdEJTJDJTBBJTIwJTIwJTIwJTIwJTdCJTBBJTIwJTIwJTIwJTIwJTIwJTIwJTIwJTIwJTIyZmVhdHVyZVR5cGUlMjIlM0ElMjAlMjJhZG1pbmlzdHJhdGl2ZSUyMiUyQyUwQSUyMCUyMCUyMCUyMCUyMCUyMCUyMCUyMCUyMmVsZW1lbnRUeXBlJTIyJTNBJTIwJTIyZ2VvbWV0cnkuc3Ryb2tlJTIyJTJDJTBBJTIwJTIwJTIwJTIwJTIwJTIwJTIwJTIwJTIyc3R5bGVycyUyMiUzQSUyMCU1QiUwQSUyMCUyMCUyMCUyMCUyMCUyMCUyMCUyMCUyMCUyMCUyMCUyMCU3QiUwQSUyMCUyMCUyMCUyMCUyMCUyMCUyMCUyMCUyMCUyMCUyMCUyMCUyMCUyMCUyMCUyMCUyMmNvbG9yJTIyJTNBJTIwJTIyJTIzMWE3YWNlJTIyJTBBJTIwJTIwJTIwJTIwJTIwJTIwJTIwJTIwJTIwJTIwJTIwJTIwJTdEJTJDJTBBJTIwJTIwJTIwJTIwJTIwJTIwJTIwJTIwJTIwJTIwJTIwJTIwJTdCJTBBJTIwJTIwJTIwJTIwJTIwJTIwJTIwJTIwJTIwJTIwJTIwJTIwJTIwJTIwJTIwJTIwJTIybGlnaHRuZXNzJTIyJTNBJTIwMTQlMEElMjAlMjAlMjAlMjAlMjAlMjAlMjAlMjAlMjAlMjAlMjAlMjAlN0QlMkMlMEElMjAlMjAlMjAlMjAlMjAlMjAlMjAlMjAlMjAlMjAlMjAlMjAlN0IlMEElMjAlMjAlMjAlMjAlMjAlMjAlMjAlMjAlMjAlMjAlMjAlMjAlMjAlMjAlMjAlMjAlMjJ3ZWlnaHQlMjIlM0ElMjAxJTBBJTIwJTIwJTIwJTIwJTIwJTIwJTIwJTIwJTIwJTIwJTIwJTIwJTdEJTBBJTIwJTIwJTIwJTIwJTIwJTIwJTIwJTIwJTVEJTBBJTIwJTIwJTIwJTIwJTdEJTJDJTBBJTIwJTIwJTIwJTIwJTdCJTBBJTIwJTIwJTIwJTIwJTIwJTIwJTIwJTIwJTIyZmVhdHVyZVR5cGUlMjIlM0ElMjAlMjJsYW5kc2NhcGUlMjIlMkMlMEElMjAlMjAlMjAlMjAlMjAlMjAlMjAlMjAlMjJlbGVtZW50VHlwZSUyMiUzQSUyMCUyMmFsbCUyMiUyQyUwQSUyMCUyMCUyMCUyMCUyMCUyMCUyMCUyMCUyMnN0eWxlcnMlMjIlM0ElMjAlNUIlMEElMjAlMjAlMjAlMjAlMjAlMjAlMjAlMjAlMjAlMjAlMjAlMjAlN0IlMEElMjAlMjAlMjAlMjAlMjAlMjAlMjAlMjAlMjAlMjAlMjAlMjAlMjAlMjAlMjAlMjAlMjJjb2xvciUyMiUzQSUyMCUyMiUyMzIxMmYzYyUyMiUwQSUyMCUyMCUyMCUyMCUyMCUyMCUyMCUyMCUyMCUyMCUyMCUyMCU3RCUwQSUyMCUyMCUyMCUyMCUyMCUyMCUyMCUyMCU1RCUwQSUyMCUyMCUyMCUyMCU3RCUyQyUwQSUyMCUyMCUyMCUyMCU3QiUwQSUyMCUyMCUyMCUyMCUyMCUyMCUyMCUyMCUyMmZlYXR1cmVUeXBlJTIyJTNBJTIwJTIycG9pJTIyJTJDJTBBJTIwJTIwJTIwJTIwJTIwJTIwJTIwJTIwJTIyZWxlbWVudFR5cGUlMjIlM0ElMjAlMjJnZW9tZXRyeSUyMiUyQyUwQSUyMCUyMCUyMCUyMCUyMCUyMCUyMCUyMCUyMnN0eWxlcnMlMjIlM0ElMjAlNUIlMEElMjAlMjAlMjAlMjAlMjAlMjAlMjAlMjAlMjAlMjAlMjAlMjAlN0IlMEElMjAlMjAlMjAlMjAlMjAlMjAlMjAlMjAlMjAlMjAlMjAlMjAlMjAlMjAlMjAlMjAlMjJjb2xvciUyMiUzQSUyMCUyMiUyMzFhN2FjZSUyMiUwQSUyMCUyMCUyMCUyMCUyMCUyMCUyMCUyMCUyMCUyMCUyMCUyMCU3RCUyQyUwQSUyMCUyMCUyMCUyMCUyMCUyMCUyMCUyMCUyMCUyMCUyMCUyMCU3QiUwQSUyMCUyMCUyMCUyMCUyMCUyMCUyMCUyMCUyMCUyMCUyMCUyMCUyMCUyMCUyMCUyMCUyMmxpZ2h0bmVzcyUyMiUzQSUyMDUlMEElMjAlMjAlMjAlMjAlMjAlMjAlMjAlMjAlMjAlMjAlMjAlMjAlN0QlMEElMjAlMjAlMjAlMjAlMjAlMjAlMjAlMjAlNUQlMEElMjAlMjAlMjAlMjAlN0QlMkMlMEElMjAlMjAlMjAlMjAlN0IlMEElMjAlMjAlMjAlMjAlMjAlMjAlMjAlMjAlMjJmZWF0dXJlVHlwZSUyMiUzQSUyMCUyMnJvYWQuaGlnaHdheSUyMiUyQyUwQSUyMCUyMCUyMCUyMCUyMCUyMCUyMCUyMCUyMmVsZW1lbnRUeXBlJTIyJTNBJTIwJTIyZ2VvbWV0cnkuZmlsbCUyMiUyQyUwQSUyMCUyMCUyMCUyMCUyMCUyMCUyMCUyMCUyMnN0eWxlcnMlMjIlM0ElMjAlNUIlMEElMjAlMjAlMjAlMjAlMjAlMjAlMjAlMjAlMjAlMjAlMjAlMjAlN0IlMEElMjAlMjAlMjAlMjAlMjAlMjAlMjAlMjAlMjAlMjAlMjAlMjAlMjAlMjAlMjAlMjAlMjJjb2xvciUyMiUzQSUyMCUyMiUyMzAwMDAwMCUyMiUwQSUyMCUyMCUyMCUyMCUyMCUyMCUyMCUyMCUyMCUyMCUyMCUyMCU3RCUwQSUyMCUyMCUyMCUyMCUyMCUyMCUyMCUyMCU1RCUwQSUyMCUyMCUyMCUyMCU3RCUyQyUwQSUyMCUyMCUyMCUyMCU3QiUwQSUyMCUyMCUyMCUyMCUyMCUyMCUyMCUyMCUyMmZlYXR1cmVUeXBlJTIyJTNBJTIwJTIycm9hZC5oaWdod2F5JTIyJTJDJTBBJTIwJTIwJTIwJTIwJTIwJTIwJTIwJTIwJTIyZWxlbWVudFR5cGUlMjIlM0ElMjAlMjJnZW9tZXRyeS5zdHJva2UlMjIlMkMlMEElMjAlMjAlMjAlMjAlMjAlMjAlMjAlMjAlMjJzdHlsZXJzJTIyJTNBJTIwJTVCJTBBJTIwJTIwJTIwJTIwJTIwJTIwJTIwJTIwJTIwJTIwJTIwJTIwJTdCJTBBJTIwJTIwJTIwJTIwJTIwJTIwJTIwJTIwJTIwJTIwJTIwJTIwJTIwJTIwJTIwJTIwJTIyY29sb3IlMjIlM0ElMjAlMjIlMjMxYTdhY2UlMjIlMEElMjAlMjAlMjAlMjAlMjAlMjAlMjAlMjAlMjAlMjAlMjAlMjAlN0QlMkMlMEElMjAlMjAlMjAlMjAlMjAlMjAlMjAlMjAlMjAlMjAlMjAlMjAlN0IlMEElMjAlMjAlMjAlMjAlMjAlMjAlMjAlMjAlMjAlMjAlMjAlMjAlMjAlMjAlMjAlMjAlMjJsaWdodG5lc3MlMjIlM0ElMjAxNSUwQSUyMCUyMCUyMCUyMCUyMCUyMCUyMCUyMCUyMCUyMCUyMCUyMCU3RCUwQSUyMCUyMCUyMCUyMCUyMCUyMCUyMCUyMCU1RCUwQSUyMCUyMCUyMCUyMCU3RCUyQyUwQSUyMCUyMCUyMCUyMCU3QiUwQSUyMCUyMCUyMCUyMCUyMCUyMCUyMCUyMCUyMmZlYXR1cmVUeXBlJTIyJTNBJTIwJTIycm9hZC5hcnRlcmlhbCUyMiUyQyUwQSUyMCUyMCUyMCUyMCUyMCUyMCUyMCUyMCUyMmVsZW1lbnRUeXBlJTIyJTNBJTIwJTIyZ2VvbWV0cnkuZmlsbCUyMiUyQyUwQSUyMCUyMCUyMCUyMCUyMCUyMCUyMCUyMCUyMnN0eWxlcnMlMjIlM0ElMjAlNUIlMEElMjAlMjAlMjAlMjAlMjAlMjAlMjAlMjAlMjAlMjAlMjAlMjAlN0IlMEElMjAlMjAlMjAlMjAlMjAlMjAlMjAlMjAlMjAlMjAlMjAlMjAlMjAlMjAlMjAlMjAlMjJjb2xvciUyMiUzQSUyMCUyMiUyMzAwMDAwMCUyMiUwQSUyMCUyMCUyMCUyMCUyMCUyMCUyMCUyMCUyMCUyMCUyMCUyMCU3RCUwQSUyMCUyMCUyMCUyMCUyMCUyMCUyMCUyMCU1RCUwQSUyMCUyMCUyMCUyMCU3RCUyQyUwQSUyMCUyMCUyMCUyMCU3QiUwQSUyMCUyMCUyMCUyMCUyMCUyMCUyMCUyMCUyMmZlYXR1cmVUeXBlJTIyJTNBJTIwJTIycm9hZC5hcnRlcmlhbCUyMiUyQyUwQSUyMCUyMCUyMCUyMCUyMCUyMCUyMCUyMCUyMmVsZW1lbnRUeXBlJTIyJTNBJTIwJTIyZ2VvbWV0cnkuc3Ryb2tlJTIyJTJDJTBBJTIwJTIwJTIwJTIwJTIwJTIwJTIwJTIwJTIyc3R5bGVycyUyMiUzQSUyMCU1QiUwQSUyMCUyMCUyMCUyMCUyMCUyMCUyMCUyMCUyMCUyMCUyMCUyMCU3QiUwQSUyMCUyMCUyMCUyMCUyMCUyMCUyMCUyMCUyMCUyMCUyMCUyMCUyMCUyMCUyMCUyMCUyMmNvbG9yJTIyJTNBJTIwJTIyJTIzMGIzZDUxJTIyJTBBJTIwJTIwJTIwJTIwJTIwJTIwJTIwJTIwJTIwJTIwJTIwJTIwJTdEJTJDJTBBJTIwJTIwJTIwJTIwJTIwJTIwJTIwJTIwJTIwJTIwJTIwJTIwJTdCJTBBJTIwJTIwJTIwJTIwJTIwJTIwJTIwJTIwJTIwJTIwJTIwJTIwJTIwJTIwJTIwJTIwJTIybGlnaHRuZXNzJTIyJTNBJTIwNSUwQSUyMCUyMCUyMCUyMCUyMCUyMCUyMCUyMCUyMCUyMCUyMCUyMCU3RCUwQSUyMCUyMCUyMCUyMCUyMCUyMCUyMCUyMCU1RCUwQSUyMCUyMCUyMCUyMCU3RCUyQyUwQSUyMCUyMCUyMCUyMCU3QiUwQSUyMCUyMCUyMCUyMCUyMCUyMCUyMCUyMCUyMmZlYXR1cmVUeXBlJTIyJTNBJTIwJTIycm9hZC5sb2NhbCUyMiUyQyUwQSUyMCUyMCUyMCUyMCUyMCUyMCUyMCUyMCUyMmVsZW1lbnRUeXBlJTIyJTNBJTIwJTIyZ2VvbWV0cnklMjIlMkMlMEElMjAlMjAlMjAlMjAlMjAlMjAlMjAlMjAlMjJzdHlsZXJzJTIyJTNBJTIwJTVCJTBBJTIwJTIwJTIwJTIwJTIwJTIwJTIwJTIwJTIwJTIwJTIwJTIwJTdCJTBBJTIwJTIwJTIwJTIwJTIwJTIwJTIwJTIwJTIwJTIwJTIwJTIwJTIwJTIwJTIwJTIwJTIyY29sb3IlMjIlM0ElMjAlMjIlMjMwMDAwMDAlMjIlMEElMjAlMjAlMjAlMjAlMjAlMjAlMjAlMjAlMjAlMjAlMjAlMjAlN0QlMEElMjAlMjAlMjAlMjAlMjAlMjAlMjAlMjAlNUQlMEElMjAlMjAlMjAlMjAlN0QlMkMlMEElMjAlMjAlMjAlMjAlN0IlMEElMjAlMjAlMjAlMjAlMjAlMjAlMjAlMjAlMjJmZWF0dXJlVHlwZSUyMiUzQSUyMCUyMnRyYW5zaXQlMjIlMkMlMEElMjAlMjAlMjAlMjAlMjAlMjAlMjAlMjAlMjJlbGVtZW50VHlwZSUyMiUzQSUyMCUyMmFsbCUyMiUyQyUwQSUyMCUyMCUyMCUyMCUyMCUyMCUyMCUyMCUyMnN0eWxlcnMlMjIlM0ElMjAlNUIlMEElMjAlMjAlMjAlMjAlMjAlMjAlMjAlMjAlMjAlMjAlMjAlMjAlN0IlMEElMjAlMjAlMjAlMjAlMjAlMjAlMjAlMjAlMjAlMjAlMjAlMjAlMjAlMjAlMjAlMjAlMjJjb2xvciUyMiUzQSUyMCUyMiUyMzE0NjQ3NCUyMiUwQSUyMCUyMCUyMCUyMCUyMCUyMCUyMCUyMCUyMCUyMCUyMCUyMCU3RCUwQSUyMCUyMCUyMCUyMCUyMCUyMCUyMCUyMCU1RCUwQSUyMCUyMCUyMCUyMCU3RCUyQyUwQSUyMCUyMCUyMCUyMCU3QiUwQSUyMCUyMCUyMCUyMCUyMCUyMCUyMCUyMCUyMmZlYXR1cmVUeXBlJTIyJTNBJTIwJTIyd2F0ZXIlMjIlMkMlMEElMjAlMjAlMjAlMjAlMjAlMjAlMjAlMjAlMjJlbGVtZW50VHlwZSUyMiUzQSUyMCUyMmFsbCUyMiUyQyUwQSUyMCUyMCUyMCUyMCUyMCUyMCUyMCUyMCUyMnN0eWxlcnMlMjIlM0ElMjAlNUIlMEElMjAlMjAlMjAlMjAlMjAlMjAlMjAlMjAlMjAlMjAlMjAlMjAlN0IlMEElMjAlMjAlMjAlMjAlMjAlMjAlMjAlMjAlMjAlMjAlMjAlMjAlMjAlMjAlMjAlMjAlMjJjb2xvciUyMiUzQSUyMCUyMiUyMzAyMTAxOSUyMiUwQSUyMCUyMCUyMCUyMCUyMCUyMCUyMCUyMCUyMCUyMCUyMCUyMCU3RCUwQSUyMCUyMCUyMCUyMCUyMCUyMCUyMCUyMCU1RCUwQSUyMCUyMCUyMCUyMCU3RCUwQSU1RCUwQQ==&#8221;][mk_padding_divider][\/vc_column][vc_column width=&#8221;1\/2&#8243;]<div role=\"form\" class=\"wpcf7\" id=\"wpcf7-f7986-o2\" lang=\"en-US\" dir=\"ltr\">\n<div class=\"screen-reader-response\"><p role=\"status\" aria-live=\"polite\" aria-atomic=\"true\"><\/p> <ul><\/ul><\/div>\n<form action=\"\/en\/wp-json\/wp\/v2\/pages\/7700#wpcf7-f7986-o2\" method=\"post\" class=\"wpcf7-form init\" novalidate=\"novalidate\" data-status=\"init\">\n<div style=\"display: none;\">\n<input type=\"hidden\" name=\"_wpcf7\" value=\"7986\" \/>\n<input type=\"hidden\" name=\"_wpcf7_version\" value=\"5.4.1\" \/>\n<input type=\"hidden\" name=\"_wpcf7_locale\" value=\"en_US\" \/>\n<input type=\"hidden\" name=\"_wpcf7_unit_tag\" value=\"wpcf7-f7986-o2\" \/>\n<input type=\"hidden\" name=\"_wpcf7_container_post\" value=\"0\" \/>\n<input type=\"hidden\" name=\"_wpcf7_posted_data_hash\" value=\"\" \/>\n<\/div>\n<p><span class=\"wpcf7-form-control-wrap fullname\"><input type=\"text\" name=\"fullname\" value=\"\" size=\"40\" class=\"wpcf7-form-control wpcf7-text wpcf7-validates-as-required\" aria-required=\"true\" aria-invalid=\"false\" placeholder=\"Firstname Lastname\" \/><\/span><br \/>\n<span class=\"wpcf7-form-control-wrap phone\"><input type=\"text\" name=\"phone\" value=\"\" size=\"40\" class=\"wpcf7-form-control wpcf7-text wpcf7-validates-as-required\" aria-required=\"true\" aria-invalid=\"false\" placeholder=\"Phone\" \/><\/span><br \/>\n<span class=\"wpcf7-form-control-wrap email\"><input type=\"email\" name=\"email\" value=\"\" size=\"40\" class=\"wpcf7-form-control wpcf7-text wpcf7-email wpcf7-validates-as-required wpcf7-validates-as-email\" aria-required=\"true\" aria-invalid=\"false\" placeholder=\"E-Mail\" \/><\/span><br \/>\n<span class=\"wpcf7-form-control-wrap message\"><textarea name=\"message\" cols=\"40\" rows=\"10\" class=\"wpcf7-form-control wpcf7-textarea\" aria-invalid=\"false\" placeholder=\"Message\"><\/textarea><\/span><br \/>\n<span class=\"wpcf7-form-control-wrap privacy\"><span class=\"wpcf7-form-control wpcf7-checkbox wpcf7-validates-as-required\"><span class=\"wpcf7-list-item first last\"><input type=\"checkbox\" name=\"privacy[]\" value=\"I agree that my data will be stored and processed.\" \/><span class=\"wpcf7-list-item-label\">I agree that my data will be stored and processed.<\/span><\/span><\/span><\/span><span class=\"wpcf7-privacy-form\">More in the  <a href=\"\/datenschutz\" class=\"wpcf7-privacy\">privacy policy<\/a><\/span><br \/>\n<input type=\"submit\" value=\"Send\" class=\"wpcf7-form-control wpcf7-submit\" \/><\/p>\n<div class=\"wpcf7-response-output\" aria-hidden=\"true\"><\/div><\/form><\/div>[\/vc_column][\/vc_row]","protected":false},"excerpt":{"rendered":"<p>[vc_row][vc_column][mk_fancy_title color=&#8221;#1a7ace&#8221; size=&#8221;70&#8243; font_weight=&#8221;400&#8243; font_family=&#8221;Tinos&#8221; font_type=&#8221;google&#8221;] Contact us [\/mk_fancy_title][\/vc_column][\/vc_row][vc_section el_class=&#8221;box-blue&#8221;][vc_row][vc_column][vc_column_text css=&#8221;.vc_custom_1556644619375{margin-bottom: 0px !important;}&#8221;] Vienna [\/vc_column_text][vc_separator color=&#8221;custom&#8221; border_width=&#8221;2&#8243; accent_color=&#8221;#aaaaaa&#8221;][\/vc_column][\/vc_row][vc_row][vc_column width=&#8221;1\/3&#8243;][vc_column_text css=&#8221;.vc_custom_1556644627677{margin-bottom: 0px !important;}&#8221;] address Nuschinggasse 12, Top 7\/8 1230 Wien Austria[\/vc_column_text][\/vc_column][vc_column width=&#8221;1\/3&#8243;][vc_column_text css=&#8221;.vc_custom_1556644636741{margin-bottom: 0px !important;}&#8221;] email office@winestar.at[\/vc_column_text][\/vc_column][vc_column width=&#8221;1\/3&#8243;][vc_column_text css=&#8221;.vc_custom_1556644646313{margin-bottom: 0px !important;}&#8221;] phone 01 \/ 877 64 44 0660 \/ 34 24 141[\/vc_column_text][\/vc_column][\/vc_row][\/vc_section][vc_section el_class=&#8221;box-blue&#8221;][vc_row][vc_column][vc_column_text css=&#8221;.vc_custom_1556367668027{margin-bottom: 0px !important;}&#8221;] [&hellip;]<\/p>\n","protected":false},"author":1,"featured_media":0,"parent":0,"menu_order":0,"comment_status":"closed","ping_status":"closed","template":"","meta":[],"yoast_head":"<!-- This site is optimized with the Yoast SEO plugin v16.6 - https:\/\/yoast.com\/wordpress\/plugins\/seo\/ -->\n<title>Contact - WineStar<\/title>\n<meta name=\"robots\" content=\"index, follow, max-snippet:-1, max-image-preview:large, max-video-preview:-1\" \/>\n<link rel=\"canonical\" href=\"https:\/\/winestar.at\/en\/kontakt\/\" \/>\n<meta property=\"og:locale\" content=\"en_US\" \/>\n<meta property=\"og:type\" content=\"article\" \/>\n<meta property=\"og:title\" content=\"Contact - WineStar\" \/>\n<meta property=\"og:description\" content=\"[vc_row][vc_column][mk_fancy_title color=&#8221;#1a7ace&#8221; size=&#8221;70&#8243; font_weight=&#8221;400&#8243; font_family=&#8221;Tinos&#8221; font_type=&#8221;google&#8221;] Contact us [\/mk_fancy_title][\/vc_column][\/vc_row][vc_section el_class=&#8221;box-blue&#8221;][vc_row][vc_column][vc_column_text css=&#8221;.vc_custom_1556644619375{margin-bottom: 0px !important;}&#8221;] Vienna [\/vc_column_text][vc_separator color=&#8221;custom&#8221; border_width=&#8221;2&#8243; accent_color=&#8221;#aaaaaa&#8221;][\/vc_column][\/vc_row][vc_row][vc_column width=&#8221;1\/3&#8243;][vc_column_text css=&#8221;.vc_custom_1556644627677{margin-bottom: 0px !important;}&#8221;] address Nuschinggasse 12, Top 7\/8 1230 Wien Austria[\/vc_column_text][\/vc_column][vc_column width=&#8221;1\/3&#8243;][vc_column_text css=&#8221;.vc_custom_1556644636741{margin-bottom: 0px !important;}&#8221;] email office@winestar.at[\/vc_column_text][\/vc_column][vc_column width=&#8221;1\/3&#8243;][vc_column_text css=&#8221;.vc_custom_1556644646313{margin-bottom: 0px !important;}&#8221;] phone 01 \/ 877 64 44 0660 \/ 34 24 141[\/vc_column_text][\/vc_column][\/vc_row][\/vc_section][vc_section el_class=&#8221;box-blue&#8221;][vc_row][vc_column][vc_column_text css=&#8221;.vc_custom_1556367668027{margin-bottom: 0px !important;}&#8221;] [&hellip;]\" \/>\n<meta property=\"og:url\" content=\"https:\/\/winestar.at\/en\/kontakt\/\" \/>\n<meta property=\"og:site_name\" content=\"WineStar\" \/>\n<meta property=\"article:modified_time\" content=\"2020-08-18T06:34:46+00:00\" \/>\n<meta name=\"twitter:card\" content=\"summary_large_image\" \/>\n<meta name=\"twitter:label1\" content=\"Est. reading time\" \/>\n\t<meta name=\"twitter:data1\" content=\"5 minutes\" \/>\n<script type=\"application\/ld+json\" class=\"yoast-schema-graph\">{\"@context\":\"https:\/\/schema.org\",\"@graph\":[{\"@type\":\"WebSite\",\"@id\":\"https:\/\/winestar.at\/#website\",\"url\":\"https:\/\/winestar.at\/\",\"name\":\"WineStar\",\"description\":\"Hochwertige Kristallg\\u00e4ser seit 2002\",\"potentialAction\":[{\"@type\":\"SearchAction\",\"target\":{\"@type\":\"EntryPoint\",\"urlTemplate\":\"https:\/\/winestar.at\/?s={search_term_string}\"},\"query-input\":\"required name=search_term_string\"}],\"inLanguage\":\"en-US\"},{\"@type\":\"WebPage\",\"@id\":\"https:\/\/winestar.at\/en\/kontakt\/#webpage\",\"url\":\"https:\/\/winestar.at\/en\/kontakt\/\",\"name\":\"Contact - WineStar\",\"isPartOf\":{\"@id\":\"https:\/\/winestar.at\/#website\"},\"datePublished\":\"2019-03-07T09:24:39+00:00\",\"dateModified\":\"2020-08-18T06:34:46+00:00\",\"breadcrumb\":{\"@id\":\"https:\/\/winestar.at\/en\/kontakt\/#breadcrumb\"},\"inLanguage\":\"en-US\",\"potentialAction\":[{\"@type\":\"ReadAction\",\"target\":[\"https:\/\/winestar.at\/en\/kontakt\/\"]}]},{\"@type\":\"BreadcrumbList\",\"@id\":\"https:\/\/winestar.at\/en\/kontakt\/#breadcrumb\",\"itemListElement\":[{\"@type\":\"ListItem\",\"position\":1,\"name\":\"Startseite\",\"item\":\"https:\/\/winestar.at\/\"},{\"@type\":\"ListItem\",\"position\":2,\"name\":\"Contact\"}]}]}<\/script>\n<!-- \/ Yoast SEO plugin. -->","_links":{"self":[{"href":"https:\/\/winestar.at\/en\/wp-json\/wp\/v2\/pages\/7700"}],"collection":[{"href":"https:\/\/winestar.at\/en\/wp-json\/wp\/v2\/pages"}],"about":[{"href":"https:\/\/winestar.at\/en\/wp-json\/wp\/v2\/types\/page"}],"author":[{"embeddable":true,"href":"https:\/\/winestar.at\/en\/wp-json\/wp\/v2\/users\/1"}],"replies":[{"embeddable":true,"href":"https:\/\/winestar.at\/en\/wp-json\/wp\/v2\/comments?post=7700"}],"version-history":[{"count":30,"href":"https:\/\/winestar.at\/en\/wp-json\/wp\/v2\/pages\/7700\/revisions"}],"predecessor-version":[{"id":8157,"href":"https:\/\/winestar.at\/en\/wp-json\/wp\/v2\/pages\/7700\/revisions\/8157"}],"wp:attachment":[{"href":"https:\/\/winestar.at\/en\/wp-json\/wp\/v2\/media?parent=7700"}],"curies":[{"name":"wp","href":"https:\/\/api.w.org\/{rel}","templated":true}]}}