{"id":5,"date":"2016-03-14T17:38:01","date_gmt":"2016-03-14T17:38:01","guid":{"rendered":"https:\/\/demos.artbees.net\/jupiter\/giovedi\/?page_id=5"},"modified":"2019-09-10T08:20:57","modified_gmt":"2019-09-10T06:20:57","slug":"home","status":"publish","type":"page","link":"https:\/\/winestar.at\/en\/","title":{"rendered":"Home"},"content":{"rendered":"[vc_row][vc_column][mk_padding_divider size=&#8221;160&#8243; visibility=&#8221;visible-dt&#8221;][mk_padding_divider visibility=&#8221;visible-sm&#8221;][\/vc_column][\/vc_row][vc_row][vc_column][mk_layerslider id=&#8221;4&#8243;][\/vc_column][\/vc_row][vc_row visibility=&#8221;hidden-sm&#8221;][vc_column][mk_divider style=&#8221;thin_solid&#8221; thin_single_color=&#8221;#aaaaaa&#8221; thickness=&#8221;2&#8243; margin_top=&#8221;60&#8243; margin_bottom=&#8221;160&#8243;][\/vc_column][\/vc_row][vc_row id=&#8221;coffee&#8221;][vc_column][mk_padding_divider size=&#8221;60&#8243; visibility=&#8221;visible-sm&#8221;][mk_fancy_title tag_name=&#8221;span&#8221; color=&#8221;#ffffff&#8221; size=&#8221;40&#8243; force_font_size=&#8221;true&#8221; size_phone=&#8221;40&#8243; font_weight=&#8221;400&#8243; txt_transform=&#8221;none&#8221; margin_bottom=&#8221;40&#8243; font_family=&#8221;Tinos&#8221; font_type=&#8221;google&#8221; align=&#8221;center&#8221;]\n<h3>Choose from<br \/>\n<em>our selection<\/em><\/h3>\n[\/mk_fancy_title][\/vc_column][\/vc_row][vc_row el_class=&#8221;sortiment sortiment1&#8243;][vc_column width=&#8221;1\/3&#8243;][mk_icon_box2 icon_type=&#8221;image&#8221; icon_size=&#8221;inherit&#8221; icon_image=&#8221;https:\/\/winestar.at\/wp-content\/uploads\/2019\/06\/winestar_diamant350.png&#8221; title=&#8221;Diamond&#8221; title_size=&#8221;18&#8243; title_weight=&#8221;bold&#8221; title_color=&#8221;#ffffff&#8221; title_top_padding=&#8221;30&#8243; description_color=&#8221;#888888&#8243;]The hand-crafted shatter-proof glass <strong>WineStar Diamond<\/strong> is the result of perfect glassmaker craftsmanship. <strong>WineStar Diamond<\/strong> is characterized by extraordinary beauty of form, special elegance, delicacy and very high elasticity and resistance to breakage.<\/p>\n<p><strong>WineStar Diamond<\/strong> thus meets the highest demands. <strong>WineStar Diamond<\/strong> keeps the aromas of wine in the memory for a long time. <strong>WineStar Diamond<\/strong> brings the sensual perception of the different flavors and special characters of wines into optimal harmony. <strong>WineStar Diamond<\/strong> &#8211; the glass for unique wine enjoyment.[\/mk_icon_box2][mk_button dimension=&#8221;flat&#8221; corner_style=&#8221;rounded&#8221; url=&#8221;\/product-category\/diamond\/&#8221; align=&#8221;center&#8221; button_custom_width=&#8221;100&#8243; margin_top=&#8221;30&#8243; bg_color=&#8221;#1a7ace&#8221; btn_hover_bg=&#8221;#1568b0&#8243; text_color=&#8221;dark&#8221;]View[\/mk_button][\/vc_column][vc_column width=&#8221;1\/3&#8243;][mk_icon_box2 icon_type=&#8221;image&#8221; icon_size=&#8221;inherit&#8221; icon_image=&#8221;https:\/\/winestar.at\/wp-content\/uploads\/2019\/06\/winestar_brilliant350.png&#8221; title=&#8221;Brillant&#8221; title_size=&#8221;18&#8243; title_weight=&#8221;bold&#8221; title_color=&#8221;#ffffff&#8221; title_top_padding=&#8221;30&#8243; description_color=&#8221;#888888&#8243;]The hand-crafted shatter-proof glass <strong>WineStar Brillant<\/strong> is characterized by its beauty of form and elegance and is the result of the highest glassmaker craftsmanship. Due to the increased resistance to breakage and elasticity, this special series is often used in gastronomy.<\/p>\n<p><strong>WineStar Brillant<\/strong> brings the special characteristics, as well as the sensual flavor perception of the different types of wine into optimal harmony and makes the drinking of wine, beer, schnapps and non-alcoholic beverages a special experience.[\/mk_icon_box2][mk_button dimension=&#8221;flat&#8221; corner_style=&#8221;rounded&#8221; url=&#8221;\/product-category\/brillant\/&#8221; align=&#8221;center&#8221; button_custom_width=&#8221;100&#8243; margin_top=&#8221;30&#8243; bg_color=&#8221;#1a7ace&#8221; btn_hover_bg=&#8221;#1568b0&#8243; text_color=&#8221;dark&#8221;]View[\/mk_button][\/vc_column][vc_column width=&#8221;1\/3&#8243;][mk_icon_box2 icon_type=&#8221;image&#8221; icon_size=&#8221;inherit&#8221; icon_image=&#8221;https:\/\/winestar.at\/wp-content\/uploads\/2019\/06\/thumblr350.png&#8221; title=&#8221;Tumbler&#8221; title_size=&#8221;18&#8243; title_weight=&#8221;bold&#8221; title_color=&#8221;#ffffff&#8221; title_top_padding=&#8221;30&#8243; description_color=&#8221;#888888&#8243;]The glass series <strong>Winestar Vicenza Tumbler<\/strong> comprises the 5 most important sizes for professional use &#8211; for mixed drinks, water, whiskey, vodka and brandies.[\/mk_icon_box2][mk_button dimension=&#8221;flat&#8221; corner_style=&#8221;rounded&#8221; url=&#8221;\/product-category\/tumbler\/&#8221; align=&#8221;center&#8221; button_custom_width=&#8221;100&#8243; margin_top=&#8221;30&#8243; bg_color=&#8221;#1a7ace&#8221; btn_hover_bg=&#8221;#1568b0&#8243; text_color=&#8221;dark&#8221;]View[\/mk_button][\/vc_column][\/vc_row][vc_row][vc_column][mk_padding_divider size=&#8221;70&#8243;][\/vc_column][\/vc_row][vc_row el_class=&#8221;sortiment sortiment2&#8243;][vc_column width=&#8221;1\/3&#8243;][mk_icon_box2 icon_type=&#8221;image&#8221; icon_size=&#8221;inherit&#8221; icon_image=&#8221;https:\/\/winestar.at\/wp-content\/uploads\/2019\/06\/decanter350.png&#8221; title=&#8221;Dekanter&#8221; title_size=&#8221;18&#8243; title_weight=&#8221;bold&#8221; title_color=&#8221;#ffffff&#8221; title_top_padding=&#8221;30&#8243; description_color=&#8221;#aaaaaa&#8221;]The decanting of wines enures that the taste, color and purity of the wine are not tarnished by storage.<\/p>\n<p><strong>WineStar decanters<\/strong> allow the wine to develop its bouquet optimally and thus improve the drinking quality.<\/p>\n<p><strong>WineStar<\/strong> &#8211; the sign of good taste![\/mk_icon_box2][mk_button dimension=&#8221;flat&#8221; corner_style=&#8221;rounded&#8221; url=&#8221;\/product-category\/dekanter\/&#8221; align=&#8221;center&#8221; button_custom_width=&#8221;100&#8243; margin_top=&#8221;30&#8243; bg_color=&#8221;#1a7ace&#8221; btn_hover_bg=&#8221;#1568b0&#8243; text_color=&#8221;dark&#8221;]View[\/mk_button][\/vc_column][vc_column width=&#8221;1\/3&#8243;][mk_icon_box2 icon_type=&#8221;image&#8221; icon_size=&#8221;inherit&#8221; icon_image=&#8221;https:\/\/winestar.at\/wp-content\/uploads\/2019\/06\/karaffen350.png&#8221; title=&#8221;Karaffe&#8221; title_size=&#8221;18&#8243; title_weight=&#8221;bold&#8221; title_color=&#8221;#ffffff&#8221; title_top_padding=&#8221;30&#8243; description_color=&#8221;#aaaaaa&#8221;]With the series <strong>WineStar Vicenza carafes<\/strong>, you visually enhance your laid table. These carafes complete the perfect table presentation &#8211; e.g. with still or sparkling water, all mixed drinks, such as apple juice spritzer, open wines and any drinks that are not poured all at once into a glass.[\/mk_icon_box2][mk_button dimension=&#8221;flat&#8221; corner_style=&#8221;rounded&#8221; url=&#8221;\/product-category\/karaffe\/&#8221; align=&#8221;center&#8221; button_custom_width=&#8221;100&#8243; margin_top=&#8221;30&#8243; bg_color=&#8221;#1a7ace&#8221; btn_hover_bg=&#8221;#1568b0&#8243; text_color=&#8221;dark&#8221;]View[\/mk_button][\/vc_column][vc_column width=&#8221;1\/3&#8243;][mk_icon_box2 icon_type=&#8221;image&#8221; icon_size=&#8221;inherit&#8221; icon_image=&#8221;https:\/\/winestar.at\/wp-content\/uploads\/2019\/06\/waterstar350.png&#8221; title=&#8221;WaterStar&#8221; title_size=&#8221;18&#8243; title_weight=&#8221;bold&#8221; title_color=&#8221;#ffffff&#8221; title_top_padding=&#8221;30&#8243; description_color=&#8221;#aaaaaa&#8221;]Energized water with <strong>WaterStar<\/strong><\/p>\n<p>Recognize the importance of good water with this energy carafe. Realize that it is possible to have a positive effect on the water and thus on its environment. The carafe is handmade and creates a unique combination of glass, water and semi-precious stones.\u00a0Indications: The 5 stones (TIGEREYE, SODALITH, JASPIS, AMETHYST and AVENTURIN) as well as the flower of life which are poured into the bottom of the decanter, radiate a positive frequency spectrum to the water. The stones used for WaterStar are of the highest quality.[\/mk_icon_box2][mk_button dimension=&#8221;flat&#8221; corner_style=&#8221;rounded&#8221; url=&#8221;\/product-category\/waterstar\/&#8221; align=&#8221;center&#8221; button_custom_width=&#8221;100&#8243; margin_top=&#8221;30&#8243; bg_color=&#8221;#1a7ace&#8221; btn_hover_bg=&#8221;#1568b0&#8243; text_color=&#8221;dark&#8221;]View[\/mk_button][\/vc_column][\/vc_row][vc_row][vc_column][mk_padding_divider size=&#8221;140&#8243;][\/vc_column][\/vc_row][vc_row][vc_column width=&#8221;1\/2&#8243;][vc_empty_space height=&#8221;50px&#8221;][mk_image src=&#8221;https:\/\/winestar.at\/wp-content\/uploads\/2019\/04\/hg_schachteln_diamond.png&#8221; image_size=&#8221;full&#8221; align=&#8221;center&#8221;][\/vc_column][vc_column width=&#8221;1\/2&#8243;][mk_fancy_title tag_name=&#8221;h3&#8243; color=&#8221;#ffffff&#8221; size=&#8221;40&#8243; font_weight=&#8221;400&#8243; txt_transform=&#8221;none&#8221; margin_bottom=&#8221;0&#8243; font_family=&#8221;Tinos&#8221; font_type=&#8221;google&#8221; align=&#8221;center&#8221;]\n<h3>Contact us<\/h3>\n[\/mk_fancy_title]<div role=\"form\" class=\"wpcf7\" id=\"wpcf7-f7986-o2\" lang=\"en-US\" dir=\"ltr\">\n<div class=\"screen-reader-response\"><p role=\"status\" aria-live=\"polite\" aria-atomic=\"true\"><\/p> <ul><\/ul><\/div>\n<form action=\"\/en\/wp-json\/wp\/v2\/pages\/5#wpcf7-f7986-o2\" method=\"post\" class=\"wpcf7-form init\" novalidate=\"novalidate\" data-status=\"init\">\n<div style=\"display: none;\">\n<input type=\"hidden\" name=\"_wpcf7\" value=\"7986\" \/>\n<input type=\"hidden\" name=\"_wpcf7_version\" value=\"5.4.1\" \/>\n<input type=\"hidden\" name=\"_wpcf7_locale\" value=\"en_US\" \/>\n<input type=\"hidden\" name=\"_wpcf7_unit_tag\" value=\"wpcf7-f7986-o2\" \/>\n<input type=\"hidden\" name=\"_wpcf7_container_post\" value=\"0\" \/>\n<input type=\"hidden\" name=\"_wpcf7_posted_data_hash\" value=\"\" \/>\n<\/div>\n<p><span class=\"wpcf7-form-control-wrap fullname\"><input type=\"text\" name=\"fullname\" value=\"\" size=\"40\" class=\"wpcf7-form-control wpcf7-text wpcf7-validates-as-required\" aria-required=\"true\" aria-invalid=\"false\" placeholder=\"Firstname Lastname\" \/><\/span><br \/>\n<span class=\"wpcf7-form-control-wrap phone\"><input type=\"text\" name=\"phone\" value=\"\" size=\"40\" class=\"wpcf7-form-control wpcf7-text wpcf7-validates-as-required\" aria-required=\"true\" aria-invalid=\"false\" placeholder=\"Phone\" \/><\/span><br \/>\n<span class=\"wpcf7-form-control-wrap email\"><input type=\"email\" name=\"email\" value=\"\" size=\"40\" class=\"wpcf7-form-control wpcf7-text wpcf7-email wpcf7-validates-as-required wpcf7-validates-as-email\" aria-required=\"true\" aria-invalid=\"false\" placeholder=\"E-Mail\" \/><\/span><br \/>\n<span class=\"wpcf7-form-control-wrap message\"><textarea name=\"message\" cols=\"40\" rows=\"10\" class=\"wpcf7-form-control wpcf7-textarea\" aria-invalid=\"false\" placeholder=\"Message\"><\/textarea><\/span><br \/>\n<span class=\"wpcf7-form-control-wrap privacy\"><span class=\"wpcf7-form-control wpcf7-checkbox wpcf7-validates-as-required\"><span class=\"wpcf7-list-item first last\"><input type=\"checkbox\" name=\"privacy[]\" value=\"I agree that my data will be stored and processed.\" \/><span class=\"wpcf7-list-item-label\">I agree that my data will be stored and processed.<\/span><\/span><\/span><\/span><span class=\"wpcf7-privacy-form\">More in the  <a href=\"\/datenschutz\" class=\"wpcf7-privacy\">privacy policy<\/a><\/span><br \/>\n<input type=\"submit\" value=\"Send\" class=\"wpcf7-form-control wpcf7-submit\" \/><\/p>\n<div class=\"wpcf7-response-output\" aria-hidden=\"true\"><\/div><\/form><\/div>[\/vc_column][\/vc_row][vc_row][vc_column][mk_padding_divider size=&#8221;140&#8243;][\/vc_column][\/vc_row][vc_row][vc_column width=&#8221;1\/2&#8243;][mk_image src=&#8221;https:\/\/winestar.at\/wp-content\/uploads\/2019\/04\/star-thin-2.png&#8221; image_size=&#8221;full&#8221; align=&#8221;center&#8221; animation=&#8221;scale-up&#8221; el_class=&#8221;mundgeblasen&#8221;][mk_fancy_title tag_name=&#8221;h3&#8243; color=&#8221;#ffffff&#8221; size=&#8221;40&#8243; font_weight=&#8221;400&#8243; txt_transform=&#8221;none&#8221; font_family=&#8221;Tinos&#8221; font_type=&#8221;google&#8221;]\n<h3 style=\"text-align: center;\">Hand-blown<\/h3>\n[\/mk_fancy_title][vc_column_text css=&#8221;.vc_custom_1556519322876{margin-bottom: 0px !important;}&#8221;]\n<blockquote><p>Our HAND-BLOWN glasses combine optimal design with the best taste. Only through craftsmanship and tradition can perfection be achieved.<\/p><\/blockquote>\n[\/vc_column_text][\/vc_column][vc_column width=&#8221;1\/2&#8243;][mk_gallery images=&#8221;8012,7736,7737,8013&#8243; column=&#8221;2&#8243; image_size=&#8221;full&#8221; hover_scenarios=&#8221;overlay_layer&#8221; overlay_color=&#8221;#2b2a2f&#8221; item_spacing=&#8221;10&#8243; orderby=&#8221;post__in&#8221;][\/vc_column][\/vc_row]","protected":false},"excerpt":{"rendered":"<p>[vc_row][vc_column][mk_padding_divider size=&#8221;160&#8243; visibility=&#8221;visible-dt&#8221;][mk_padding_divider visibility=&#8221;visible-sm&#8221;][\/vc_column][\/vc_row][vc_row][vc_column][mk_layerslider id=&#8221;4&#8243;][\/vc_column][\/vc_row][vc_row visibility=&#8221;hidden-sm&#8221;][vc_column][mk_divider style=&#8221;thin_solid&#8221; thin_single_color=&#8221;#aaaaaa&#8221; thickness=&#8221;2&#8243; margin_top=&#8221;60&#8243; margin_bottom=&#8221;160&#8243;][\/vc_column][\/vc_row][vc_row id=&#8221;coffee&#8221;][vc_column][mk_padding_divider size=&#8221;60&#8243; visibility=&#8221;visible-sm&#8221;][mk_fancy_title tag_name=&#8221;span&#8221; color=&#8221;#ffffff&#8221; size=&#8221;40&#8243; force_font_size=&#8221;true&#8221; size_phone=&#8221;40&#8243; font_weight=&#8221;400&#8243; txt_transform=&#8221;none&#8221; margin_bottom=&#8221;40&#8243; font_family=&#8221;Tinos&#8221; font_type=&#8221;google&#8221; align=&#8221;center&#8221;] Choose from our selection [\/mk_fancy_title][\/vc_column][\/vc_row][vc_row el_class=&#8221;sortiment sortiment1&#8243;][vc_column width=&#8221;1\/3&#8243;][mk_icon_box2 icon_type=&#8221;image&#8221; icon_size=&#8221;inherit&#8221; icon_image=&#8221;https:\/\/winestar.at\/wp-content\/uploads\/2019\/06\/winestar_diamant350.png&#8221; title=&#8221;Diamond&#8221; title_size=&#8221;18&#8243; title_weight=&#8221;bold&#8221; title_color=&#8221;#ffffff&#8221; title_top_padding=&#8221;30&#8243; description_color=&#8221;#888888&#8243;]The hand-crafted shatter-proof glass WineStar Diamond is the result of perfect glassmaker craftsmanship. WineStar [&hellip;]<\/p>\n","protected":false},"author":1,"featured_media":0,"parent":0,"menu_order":0,"comment_status":"closed","ping_status":"closed","template":"","meta":[],"yoast_head":"<!-- This site is optimized with the Yoast SEO plugin v16.6 - https:\/\/yoast.com\/wordpress\/plugins\/seo\/ -->\n<title>Winestar - mundgeblasene, handgemachte, bruchsichere Gl\u00e4ser<\/title>\n<meta name=\"description\" content=\"Besonderes Geschmackserlebnis f\u00fcr Gastronomie und private Haushalte. Optimale Gl\u00e4ser f\u00fcr Wein, Wasser, Bier, Schnaps, Gin Tonic, Cocktails usw.\" \/>\n<meta name=\"robots\" content=\"index, follow, max-snippet:-1, max-image-preview:large, max-video-preview:-1\" \/>\n<link rel=\"canonical\" href=\"https:\/\/winestar.at\/\" \/>\n<meta property=\"og:locale\" content=\"en_US\" \/>\n<meta property=\"og:type\" content=\"article\" \/>\n<meta property=\"og:title\" content=\"Winestar - mundgeblasene, handgemachte, bruchsichere Gl\u00e4ser\" \/>\n<meta property=\"og:description\" content=\"Besonderes Geschmackserlebnis f\u00fcr Gastronomie und private Haushalte. Optimale Gl\u00e4ser f\u00fcr Wein, Wasser, Bier, Schnaps, Gin Tonic, Cocktails usw.\" \/>\n<meta property=\"og:url\" content=\"https:\/\/winestar.at\/\" \/>\n<meta property=\"og:site_name\" content=\"WineStar\" \/>\n<meta property=\"article:modified_time\" content=\"2019-09-10T06:20:57+00:00\" \/>\n<meta name=\"twitter:card\" content=\"summary_large_image\" \/>\n<meta name=\"twitter:label1\" content=\"Est. reading time\" \/>\n\t<meta name=\"twitter:data1\" content=\"11 minutes\" \/>\n<script type=\"application\/ld+json\" class=\"yoast-schema-graph\">{\"@context\":\"https:\/\/schema.org\",\"@graph\":[{\"@type\":\"WebSite\",\"@id\":\"https:\/\/winestar.at\/#website\",\"url\":\"https:\/\/winestar.at\/\",\"name\":\"WineStar\",\"description\":\"Hochwertige Kristallg\\u00e4ser seit 2002\",\"potentialAction\":[{\"@type\":\"SearchAction\",\"target\":{\"@type\":\"EntryPoint\",\"urlTemplate\":\"https:\/\/winestar.at\/?s={search_term_string}\"},\"query-input\":\"required name=search_term_string\"}],\"inLanguage\":\"en-US\"},{\"@type\":\"WebPage\",\"@id\":\"https:\/\/winestar.at\/#webpage\",\"url\":\"https:\/\/winestar.at\/\",\"name\":\"Winestar - mundgeblasene, handgemachte, bruchsichere Gl\\u00e4ser\",\"isPartOf\":{\"@id\":\"https:\/\/winestar.at\/#website\"},\"datePublished\":\"2016-03-14T17:38:01+00:00\",\"dateModified\":\"2019-09-10T06:20:57+00:00\",\"description\":\"Besonderes Geschmackserlebnis f\\u00fcr Gastronomie und private Haushalte. Optimale Gl\\u00e4ser f\\u00fcr Wein, Wasser, Bier, Schnaps, Gin Tonic, Cocktails usw.\",\"breadcrumb\":{\"@id\":\"https:\/\/winestar.at\/#breadcrumb\"},\"inLanguage\":\"en-US\",\"potentialAction\":[{\"@type\":\"ReadAction\",\"target\":[\"https:\/\/winestar.at\/\"]}]},{\"@type\":\"BreadcrumbList\",\"@id\":\"https:\/\/winestar.at\/#breadcrumb\",\"itemListElement\":[{\"@type\":\"ListItem\",\"position\":1,\"name\":\"Startseite\",\"item\":\"https:\/\/winestar.at\/\"},{\"@type\":\"ListItem\",\"position\":2,\"name\":\"Home\"}]}]}<\/script>\n<!-- \/ Yoast SEO plugin. -->","_links":{"self":[{"href":"https:\/\/winestar.at\/en\/wp-json\/wp\/v2\/pages\/5"}],"collection":[{"href":"https:\/\/winestar.at\/en\/wp-json\/wp\/v2\/pages"}],"about":[{"href":"https:\/\/winestar.at\/en\/wp-json\/wp\/v2\/types\/page"}],"author":[{"embeddable":true,"href":"https:\/\/winestar.at\/en\/wp-json\/wp\/v2\/users\/1"}],"replies":[{"embeddable":true,"href":"https:\/\/winestar.at\/en\/wp-json\/wp\/v2\/comments?post=5"}],"version-history":[{"count":68,"href":"https:\/\/winestar.at\/en\/wp-json\/wp\/v2\/pages\/5\/revisions"}],"predecessor-version":[{"id":8103,"href":"https:\/\/winestar.at\/en\/wp-json\/wp\/v2\/pages\/5\/revisions\/8103"}],"wp:attachment":[{"href":"https:\/\/winestar.at\/en\/wp-json\/wp\/v2\/media?parent=5"}],"curies":[{"name":"wp","href":"https:\/\/api.w.org\/{rel}","templated":true}]}}